{"id":19,"date":"2024-01-16T16:31:15","date_gmt":"2024-01-16T15:31:15","guid":{"rendered":"https:\/\/polygel-acrygel.fr\/?page_id=19"},"modified":"2024-01-24T09:43:51","modified_gmt":"2024-01-24T08:43:51","slug":"histoire-des-polygels","status":"publish","type":"page","link":"https:\/\/polygel-acrygel.fr\/index.php\/histoire-des-polygels\/","title":{"rendered":"Histoire des polygels"},"content":{"rendered":"\n[et_pb_section fb_built=&#8221;1&#8243; admin_label=&#8221;Header&#8221; _builder_version=&#8221;4.23.4&#8243; _module_preset=&#8221;default&#8221; use_background_color_gradient=&#8221;on&#8221; background_color_gradient_direction=&#8221;90deg&#8221; background_color_gradient_stops=&#8221;#f7c1d8 89%|#ffffff 89%&#8221; background_color_gradient_start=&#8221;#ffcf32&#8243; background_color_gradient_start_position=&#8221;90%&#8221; background_color_gradient_end=&#8221;#fffaf4&#8243; background_color_gradient_end_position=&#8221;90%&#8221; hover_enabled=&#8221;0&#8243; locked=&#8221;off&#8221; global_colors_info=&#8221;{}&#8221; theme_builder_area=&#8221;post_content&#8221; background_color=&#8221;#F7C1D8&#8243; sticky_enabled=&#8221;0&#8243;][et_pb_row custom_padding_last_edited=&#8221;on|phone&#8221; _builder_version=&#8221;4.16&#8243; _module_preset=&#8221;default&#8221; custom_padding=&#8221;|60px|||false|false&#8221; custom_padding_tablet=&#8221;|30px|||false|false&#8221; custom_padding_phone=&#8221;|20px|||false|false&#8221; global_colors_info=&#8221;{}&#8221; theme_builder_area=&#8221;post_content&#8221;][et_pb_column type=&#8221;4_4&#8243; _builder_version=&#8221;4.16&#8243; _module_preset=&#8221;default&#8221; global_colors_info=&#8221;{}&#8221; theme_builder_area=&#8221;post_content&#8221;][et_pb_text _builder_version=&#8221;4.23.4&#8243; _module_preset=&#8221;e598b17a-9229-42f6-b238-019d6094332e&#8221; header_font=&#8221;Playfair Display||||||||&#8221; header_text_color=&#8221;#000000&#8243; header_font_size=&#8221;60px&#8221; header_line_height=&#8221;1.1em&#8221; custom_margin=&#8221;||10px||false|false&#8221; hover_enabled=&#8221;0&#8243; header_font_size_tablet=&#8221;50px&#8221; header_font_size_phone=&#8221;30px&#8221; header_font_size_last_edited=&#8221;on|phone&#8221; header_line_height_tablet=&#8221;1.2em&#8221; header_line_height_phone=&#8221;1.2em&#8221; header_line_height_last_edited=&#8221;on|desktop&#8221; locked=&#8221;off&#8221; global_colors_info=&#8221;{}&#8221; theme_builder_area=&#8221;post_content&#8221; sticky_enabled=&#8221;0&#8243;]<h1>HISTOIRE DES POLYGELS<\/h1>[\/et_pb_text][\/et_pb_column][\/et_pb_row][et_pb_row use_custom_gutter=&#8221;on&#8221; gutter_width=&#8221;1&#8243; _builder_version=&#8221;4.23.4&#8243; _module_preset=&#8221;default&#8221; custom_padding=&#8221;0px||||false|false&#8221; hover_enabled=&#8221;0&#8243; global_colors_info=&#8221;{}&#8221; theme_builder_area=&#8221;post_content&#8221; sticky_enabled=&#8221;0&#8243;][et_pb_column type=&#8221;4_4&#8243; _builder_version=&#8221;4.16&#8243; _module_preset=&#8221;default&#8221; custom_padding=&#8221;60px|6%|30px||false|false&#8221; custom_padding_tablet=&#8221;30px|20px|30px||true|false&#8221; custom_padding_phone=&#8221;||||true|false&#8221; custom_padding_last_edited=&#8221;on|phone&#8221; global_colors_info=&#8221;{}&#8221; theme_builder_area=&#8221;post_content&#8221;][et_pb_text _builder_version=&#8221;4.23.4&#8243; _module_preset=&#8221;7262e956-c376-4aa6-9642-c413f71527d0&#8243; text_text_color=&#8221;#000000&#8243; text_line_height=&#8221;1.8em&#8221; hover_enabled=&#8221;0&#8243; text_font_size_tablet=&#8221;&#8221; text_font_size_phone=&#8221;13px&#8221; text_font_size_last_edited=&#8221;on|phone&#8221; header_font_size_tablet=&#8221;55px&#8221; header_font_size_last_edited=&#8221;off|desktop&#8221; locked=&#8221;off&#8221; global_colors_info=&#8221;{}&#8221; theme_builder_area=&#8221;post_content&#8221; text_font=&#8221;Roboto||||||||&#8221; sticky_enabled=&#8221;0&#8243;]<p>Le polygel, une r\u00e9volution dans le monde de la proth\u00e9sie ongulaire, a parcouru un long chemin depuis ses d\u00e9buts. Ses racines sont le fruit d&#8217;une \u00e9volution constante des techniques et mat\u00e9riaux utilis\u00e9s dans la proth\u00e9sie ongulaire.<\/p>\n<p>D\u00e9couvrez comment cette mati\u00e8re innovante est n\u00e9e, comment elle a \u00e9volu\u00e9 et pourquoi elle est devenue l&#8217;incontournable qu&#8217;elle est aujourd&#8217;hui. De ses origines modestes aux innovations les plus r\u00e9centes, voyagez \u00e0 travers le temps pour comprendre la v\u00e9ritable essence du polygel.<\/p>[\/et_pb_text][\/et_pb_column][\/et_pb_row][\/et_pb_section][et_pb_section fb_built=&#8221;1&#8243; admin_label=&#8221;Feature&#8221; _builder_version=&#8221;4.23.4&#8243; _module_preset=&#8221;default&#8221; custom_padding=&#8221;0px||0px||true|false&#8221; hover_enabled=&#8221;0&#8243; global_colors_info=&#8221;{}&#8221; theme_builder_area=&#8221;post_content&#8221; background_enable_color=&#8221;off&#8221; sticky_enabled=&#8221;0&#8243;][et_pb_row column_structure=&#8221;1_2,1_2&#8243; use_custom_gutter=&#8221;on&#8221; gutter_width=&#8221;1&#8243; _builder_version=&#8221;4.16&#8243; _module_preset=&#8221;default&#8221; background_enable_image=&#8221;off&#8221; background_size=&#8221;initial&#8221; background_position=&#8221;bottom_center&#8221; custom_padding=&#8221;0px||0px||true|false&#8221; global_colors_info=&#8221;{}&#8221; theme_builder_area=&#8221;post_content&#8221;][et_pb_column type=&#8221;1_2&#8243; _builder_version=&#8221;4.16&#8243; _module_preset=&#8221;default&#8221; global_colors_info=&#8221;{}&#8221; theme_builder_area=&#8221;post_content&#8221;][et_pb_image src=&#8221;http:\/\/polygel-acrygel.fr\/wp-content\/uploads\/2024\/01\/ongles_nail_art_abstrait-scaled.jpg&#8221; title_text=&#8221;ongles_nail_art_abstrait&#8221; _builder_version=&#8221;4.23.4&#8243; _module_preset=&#8221;default&#8221; custom_margin=&#8221;|||-10vw|false|false&#8221; hover_enabled=&#8221;0&#8243; global_colors_info=&#8221;{}&#8221; theme_builder_area=&#8221;post_content&#8221; sticky_enabled=&#8221;0&#8243;][\/et_pb_image][\/et_pb_column][et_pb_column type=&#8221;1_2&#8243; _builder_version=&#8221;4.16&#8243; _module_preset=&#8221;default&#8221; custom_padding=&#8221;150px||30px|60px|false|false&#8221; custom_padding_tablet=&#8221;30px||30px|0px|true|false&#8221; custom_padding_phone=&#8221;||||false|false&#8221; custom_padding_last_edited=&#8221;on|phone&#8221; global_colors_info=&#8221;{}&#8221; theme_builder_area=&#8221;post_content&#8221;][et_pb_text _builder_version=&#8221;4.23.4&#8243; _module_preset=&#8221;003e9429-8e11-4d9e-968b-8881092bbf81&#8243; header_2_font=&#8221;Playfair Display||||||||&#8221; header_2_text_color=&#8221;#000000&#8243; header_2_font_size=&#8221;40px&#8221; header_2_line_height=&#8221;1.3em&#8221; custom_margin=&#8221;||||false|false&#8221; hover_enabled=&#8221;0&#8243; header_2_font_size_tablet=&#8221;32px&#8221; header_2_font_size_phone=&#8221;18px&#8221; header_2_font_size_last_edited=&#8221;on|desktop&#8221; header_2_line_height_tablet=&#8221;1.2em&#8221; header_2_line_height_phone=&#8221;1.2em&#8221; header_2_line_height_last_edited=&#8221;off|desktop&#8221; locked=&#8221;off&#8221; global_colors_info=&#8221;{}&#8221; theme_builder_area=&#8221;post_content&#8221; sticky_enabled=&#8221;0&#8243;]<h2>Des d\u00e9buts modestes<\/h2>[\/et_pb_text][et_pb_text _builder_version=&#8221;4.23.4&#8243; _module_preset=&#8221;7262e956-c376-4aa6-9642-c413f71527d0&#8243; text_line_height=&#8221;1.8em&#8221; hover_enabled=&#8221;0&#8243; text_font_size_tablet=&#8221;&#8221; text_font_size_phone=&#8221;13px&#8221; text_font_size_last_edited=&#8221;on|phone&#8221; header_font_size_tablet=&#8221;55px&#8221; header_font_size_last_edited=&#8221;off|desktop&#8221; locked=&#8221;off&#8221; global_colors_info=&#8221;{}&#8221; theme_builder_area=&#8221;post_content&#8221; text_font=&#8221;Roboto||||||||&#8221; sticky_enabled=&#8221;0&#8243;]<p>Les d\u00e9buts de la proth\u00e9sie ongulaire remontent aux ann\u00e9es 1950, o\u00f9 l&#8217;acrylique \u00e9tait le principal mat\u00e9riau utilis\u00e9 pour les extensions d&#8217;ongles. Malgr\u00e9 sa popularit\u00e9, l&#8217;acrylique avait ses limites, notamment son odeur forte et sa tendance \u00e0 endommager les ongles naturels.<\/p>[\/et_pb_text][et_pb_text _builder_version=&#8221;4.23.4&#8243; _module_preset=&#8221;003e9429-8e11-4d9e-968b-8881092bbf81&#8243; header_2_font=&#8221;Playfair Display||||||||&#8221; header_2_text_color=&#8221;#000000&#8243; header_2_font_size=&#8221;40px&#8221; header_2_line_height=&#8221;1.3em&#8221; custom_margin=&#8221;20px||||false|false&#8221; hover_enabled=&#8221;0&#8243; header_2_font_size_tablet=&#8221;32px&#8221; header_2_font_size_phone=&#8221;18px&#8221; header_2_font_size_last_edited=&#8221;on|desktop&#8221; header_2_line_height_tablet=&#8221;1.2em&#8221; header_2_line_height_phone=&#8221;1.2em&#8221; header_2_line_height_last_edited=&#8221;off|desktop&#8221; locked=&#8221;off&#8221; global_colors_info=&#8221;{}&#8221; theme_builder_area=&#8221;post_content&#8221; sticky_enabled=&#8221;0&#8243;]<h2>L&#8217;av\u00e8nement du gel<\/h2>[\/et_pb_text][et_pb_text _builder_version=&#8221;4.23.4&#8243; _module_preset=&#8221;7262e956-c376-4aa6-9642-c413f71527d0&#8243; text_line_height=&#8221;1.8em&#8221; hover_enabled=&#8221;0&#8243; text_font_size_tablet=&#8221;&#8221; text_font_size_phone=&#8221;13px&#8221; text_font_size_last_edited=&#8221;on|phone&#8221; header_font_size_tablet=&#8221;55px&#8221; header_font_size_last_edited=&#8221;off|desktop&#8221; locked=&#8221;off&#8221; global_colors_info=&#8221;{}&#8221; theme_builder_area=&#8221;post_content&#8221; text_font=&#8221;Roboto||||||||&#8221; sticky_enabled=&#8221;0&#8243;]<p>Dans les ann\u00e9es 1980, une nouvelle alternative a fait son apparition : le gel UV. Facile \u00e0 appliquer et offrant une finition brillante, le gel UV a rapidement gagn\u00e9 en popularit\u00e9. Cependant, il manquait de la robustesse de l&#8217;acrylique, ce qui le rendait moins durable.<\/p>[\/et_pb_text][et_pb_text _builder_version=&#8221;4.23.4&#8243; _module_preset=&#8221;003e9429-8e11-4d9e-968b-8881092bbf81&#8243; header_2_font=&#8221;Playfair Display||||||||&#8221; header_2_text_color=&#8221;#000000&#8243; header_2_font_size=&#8221;40px&#8221; header_2_line_height=&#8221;1.3em&#8221; custom_margin=&#8221;20px||||false|false&#8221; hover_enabled=&#8221;0&#8243; header_2_font_size_tablet=&#8221;32px&#8221; header_2_font_size_phone=&#8221;18px&#8221; header_2_font_size_last_edited=&#8221;on|desktop&#8221; header_2_line_height_tablet=&#8221;1.2em&#8221; header_2_line_height_phone=&#8221;1.2em&#8221; header_2_line_height_last_edited=&#8221;off|desktop&#8221; locked=&#8221;off&#8221; global_colors_info=&#8221;{}&#8221; theme_builder_area=&#8221;post_content&#8221; sticky_enabled=&#8221;0&#8243;]<h2>La qu\u00eate de la perfection<\/h2>[\/et_pb_text][et_pb_text _builder_version=&#8221;4.23.4&#8243; _module_preset=&#8221;7262e956-c376-4aa6-9642-c413f71527d0&#8243; text_line_height=&#8221;1.8em&#8221; hover_enabled=&#8221;0&#8243; text_font_size_tablet=&#8221;&#8221; text_font_size_phone=&#8221;13px&#8221; text_font_size_last_edited=&#8221;on|phone&#8221; header_font_size_tablet=&#8221;55px&#8221; header_font_size_last_edited=&#8221;off|desktop&#8221; locked=&#8221;off&#8221; global_colors_info=&#8221;{}&#8221; theme_builder_area=&#8221;post_content&#8221; text_font=&#8221;Roboto||||||||&#8221; sticky_enabled=&#8221;0&#8243;]<p>Les professionnels de l&#8217;ongle \u00e9taient \u00e0 la recherche d&#8217;un produit qui combinerait le meilleur des deux mondes : la force de l&#8217;acrylique et la flexibilit\u00e9 du gel UV. C&#8217;est dans ce contexte que le polygel a \u00e9t\u00e9 conceptualis\u00e9.<\/p>[\/et_pb_text][et_pb_text _builder_version=&#8221;4.23.4&#8243; _module_preset=&#8221;003e9429-8e11-4d9e-968b-8881092bbf81&#8243; header_2_font=&#8221;Playfair Display||||||||&#8221; header_2_text_color=&#8221;#000000&#8243; header_2_font_size=&#8221;40px&#8221; header_2_line_height=&#8221;1.3em&#8221; custom_margin=&#8221;20px||||false|false&#8221; hover_enabled=&#8221;0&#8243; header_2_font_size_tablet=&#8221;32px&#8221; header_2_font_size_phone=&#8221;18px&#8221; header_2_font_size_last_edited=&#8221;on|desktop&#8221; header_2_line_height_tablet=&#8221;1.2em&#8221; header_2_line_height_phone=&#8221;1.2em&#8221; header_2_line_height_last_edited=&#8221;off|desktop&#8221; locked=&#8221;off&#8221; global_colors_info=&#8221;{}&#8221; theme_builder_area=&#8221;post_content&#8221; sticky_enabled=&#8221;0&#8243;]<h2>L&#8217;av\u00e8nement du polygel<\/h2>[\/et_pb_text][et_pb_text _builder_version=&#8221;4.23.4&#8243; _module_preset=&#8221;7262e956-c376-4aa6-9642-c413f71527d0&#8243; text_line_height=&#8221;1.8em&#8221; hover_enabled=&#8221;0&#8243; text_font_size_tablet=&#8221;&#8221; text_font_size_phone=&#8221;13px&#8221; text_font_size_last_edited=&#8221;on|phone&#8221; header_font_size_tablet=&#8221;55px&#8221; header_font_size_last_edited=&#8221;off|desktop&#8221; locked=&#8221;off&#8221; global_colors_info=&#8221;{}&#8221; theme_builder_area=&#8221;post_content&#8221; text_font=&#8221;Roboto||||||||&#8221; sticky_enabled=&#8221;0&#8243;]<p>Au d\u00e9but des ann\u00e9es 2010, les premi\u00e8res formulations de polygel ont vu le jour. Con\u00e7u comme un hybride entre l&#8217;acrylique et le gel UV, le polygel combine la durabilit\u00e9 de l&#8217;acrylique avec la flexibilit\u00e9 et l&#8217;esth\u00e9tique du gel. De plus, il est inodore et ne produit pas de poussi\u00e8re lors du limage, le rendant plus agr\u00e9able \u00e0 travailler.<\/p>[\/et_pb_text][et_pb_text _builder_version=&#8221;4.23.4&#8243; _module_preset=&#8221;003e9429-8e11-4d9e-968b-8881092bbf81&#8243; header_2_font=&#8221;Playfair Display||||||||&#8221; header_2_text_color=&#8221;#000000&#8243; header_2_font_size=&#8221;40px&#8221; header_2_line_height=&#8221;1.3em&#8221; custom_margin=&#8221;20px||||false|false&#8221; hover_enabled=&#8221;0&#8243; header_2_font_size_tablet=&#8221;32px&#8221; header_2_font_size_phone=&#8221;18px&#8221; header_2_font_size_last_edited=&#8221;on|desktop&#8221; header_2_line_height_tablet=&#8221;1.2em&#8221; header_2_line_height_phone=&#8221;1.2em&#8221; header_2_line_height_last_edited=&#8221;off|desktop&#8221; locked=&#8221;off&#8221; global_colors_info=&#8221;{}&#8221; theme_builder_area=&#8221;post_content&#8221; sticky_enabled=&#8221;0&#8243;]<h2>L&#8217;ascension vers la gloire<\/h2>[\/et_pb_text][et_pb_text _builder_version=&#8221;4.23.4&#8243; _module_preset=&#8221;7262e956-c376-4aa6-9642-c413f71527d0&#8243; text_line_height=&#8221;1.8em&#8221; hover_enabled=&#8221;0&#8243; text_font_size_tablet=&#8221;&#8221; text_font_size_phone=&#8221;13px&#8221; text_font_size_last_edited=&#8221;on|phone&#8221; header_font_size_tablet=&#8221;55px&#8221; header_font_size_last_edited=&#8221;off|desktop&#8221; locked=&#8221;off&#8221; global_colors_info=&#8221;{}&#8221; theme_builder_area=&#8221;post_content&#8221; text_font=&#8221;Roboto||||||||&#8221; sticky_enabled=&#8221;0&#8243;]<p>La popularit\u00e9 du polygel a explos\u00e9 au fil des ann\u00e9es. Son application facile, sa vari\u00e9t\u00e9 de couleurs et sa capacit\u00e9 \u00e0 maintenir une apparence impeccable pendant plusieurs semaines en ont fait le choix pr\u00e9f\u00e9r\u00e9 de nombreux proth\u00e9sistes ongulaires et clients. Aujourd&#8217;hui, le polygel est utilis\u00e9 dans les salons du monde entier, faisant de l&#8217;ombre aux m\u00e9thodes traditionnelles.<\/p>[\/et_pb_text][\/et_pb_column][\/et_pb_row][et_pb_row _builder_version=&#8221;4.23.4&#8243; _module_preset=&#8221;default&#8221; theme_builder_area=&#8221;post_content&#8221;][et_pb_column _builder_version=&#8221;4.23.4&#8243; _module_preset=&#8221;default&#8221; type=&#8221;4_4&#8243; theme_builder_area=&#8221;post_content&#8221;][et_pb_text _builder_version=&#8221;4.23.4&#8243; _module_preset=&#8221;default&#8221; theme_builder_area=&#8221;post_content&#8221; hover_enabled=&#8221;0&#8243; sticky_enabled=&#8221;0&#8243;]<p>L&#8217;histoire du polygel est celle d&#8217;une innovation continue, n\u00e9e de la qu\u00eate de perfection dans le domaine de la proth\u00e9sie ongulaire. Il symbolise l&#8217;\u00e9volution et l&#8217;adaptabilit\u00e9 de l&#8217;industrie de la beaut\u00e9, toujours \u00e0 la recherche de moyens d&#8217;am\u00e9liorer et de r\u00e9pondre aux besoins changeants des clients. \u00c0 mesure que la technologie avance, qui sait quelles autres innovations attendent le monde de la manucure ? Pour l&#8217;instant, le polygel r\u00e8gne en ma\u00eetre, offrant une solution \u00e9l\u00e9gante et durable pour tous.<\/p>[\/et_pb_text][et_pb_button button_text=&#8221;Produits phares&#8221; _builder_version=&#8221;4.23.4&#8243; _module_preset=&#8221;default&#8221; theme_builder_area=&#8221;post_content&#8221; button_url=&#8221;@ET-DC@eyJkeW5hbWljIjp0cnVlLCJjb250ZW50IjoicG9zdF9saW5rX3VybF9wYWdlIiwic2V0dGluZ3MiOnsicG9zdF9pZCI6IjI3In19@&#8221; _dynamic_attributes=&#8221;button_url&#8221; hover_enabled=&#8221;0&#8243; sticky_enabled=&#8221;0&#8243; button_alignment=&#8221;center&#8221; custom_button=&#8221;on&#8221; button_text_color=&#8221;#FFFFFF&#8221; button_bg_color=&#8221;#F7C1D8&#8243; button_bg_enable_color=&#8221;on&#8221; button_border_width=&#8221;0px&#8221; button_font=&#8221;Playfair Display||||||||&#8221;][\/et_pb_button][\/et_pb_column][\/et_pb_row][\/et_pb_section]\n","protected":false},"excerpt":{"rendered":"<p>HISTOIRE DES POLYGELSLe polygel, une r\u00e9volution dans le monde de la proth\u00e9sie ongulaire, a parcouru un long chemin depuis ses d\u00e9buts. Ses racines sont le fruit d&#8217;une \u00e9volution constante des techniques et mat\u00e9riaux utilis\u00e9s dans la proth\u00e9sie ongulaire. D\u00e9couvrez comment cette mati\u00e8re innovante est n\u00e9e, comment elle a \u00e9volu\u00e9 et pourquoi elle est devenue l&#8217;incontournable [&hellip;]<\/p>\n","protected":false},"author":1,"featured_media":0,"parent":0,"menu_order":0,"comment_status":"closed","ping_status":"closed","template":"","meta":{"_et_pb_use_builder":"on","_et_pb_old_content":"","_et_gb_content_width":"","footnotes":""},"class_list":["post-19","page","type-page","status-publish","hentry"],"yoast_head":"<!-- This site is optimized with the Yoast SEO plugin v22.0 - https:\/\/yoast.com\/wordpress\/plugins\/seo\/ -->\n<title>Le Polygel: Un voyage \u00e0 travers l&#039;histoire de la beaut\u00e9 des ongles<\/title>\n<meta name=\"description\" content=\"D\u00e9couvrez l&#039;\u00e9volution captivante du polygel, de ses modestes d\u00e9buts \u00e0 la tendance incontournable en proth\u00e9sie ongulaire.\" \/>\n<meta name=\"robots\" content=\"noindex, follow, max-snippet:-1, max-image-preview:large, max-video-preview:-1\" \/>\n<meta property=\"og:locale\" content=\"en_US\" \/>\n<meta property=\"og:type\" content=\"article\" \/>\n<meta property=\"og:title\" content=\"Le Polygel: Un voyage \u00e0 travers l&#039;histoire de la beaut\u00e9 des ongles\" \/>\n<meta property=\"og:description\" content=\"D\u00e9couvrez l&#039;\u00e9volution captivante du polygel, de ses modestes d\u00e9buts \u00e0 la tendance incontournable en proth\u00e9sie ongulaire.\" \/>\n<meta property=\"og:url\" content=\"https:\/\/polygel-acrygel.fr\/index.php\/histoire-des-polygels\/\" \/>\n<meta property=\"og:site_name\" content=\"WordPress\" \/>\n<meta property=\"article:modified_time\" content=\"2024-01-24T08:43:51+00:00\" \/>\n<meta name=\"twitter:card\" content=\"summary_large_image\" \/>\n<meta name=\"twitter:label1\" content=\"Est. reading time\" \/>\n\t<meta name=\"twitter:data1\" content=\"3 minutes\" \/>\n<script type=\"application\/ld+json\" class=\"yoast-schema-graph\">{\"@context\":\"https:\/\/schema.org\",\"@graph\":[{\"@type\":\"WebPage\",\"@id\":\"https:\/\/polygel-acrygel.fr\/index.php\/histoire-des-polygels\/\",\"url\":\"https:\/\/polygel-acrygel.fr\/index.php\/histoire-des-polygels\/\",\"name\":\"Le Polygel: Un voyage \u00e0 travers l'histoire de la beaut\u00e9 des ongles\",\"isPartOf\":{\"@id\":\"https:\/\/polygel-acrygel.fr\/#website\"},\"datePublished\":\"2024-01-16T15:31:15+00:00\",\"dateModified\":\"2024-01-24T08:43:51+00:00\",\"description\":\"D\u00e9couvrez l'\u00e9volution captivante du polygel, de ses modestes d\u00e9buts \u00e0 la tendance incontournable en proth\u00e9sie ongulaire.\",\"breadcrumb\":{\"@id\":\"https:\/\/polygel-acrygel.fr\/index.php\/histoire-des-polygels\/#breadcrumb\"},\"inLanguage\":\"en-US\",\"potentialAction\":[{\"@type\":\"ReadAction\",\"target\":[\"https:\/\/polygel-acrygel.fr\/index.php\/histoire-des-polygels\/\"]}]},{\"@type\":\"BreadcrumbList\",\"@id\":\"https:\/\/polygel-acrygel.fr\/index.php\/histoire-des-polygels\/#breadcrumb\",\"itemListElement\":[{\"@type\":\"ListItem\",\"position\":1,\"name\":\"Accueil\",\"item\":\"https:\/\/polygel-acrygel.fr\/\"},{\"@type\":\"ListItem\",\"position\":2,\"name\":\"Histoire des polygels\"}]},{\"@type\":\"WebSite\",\"@id\":\"https:\/\/polygel-acrygel.fr\/#website\",\"url\":\"https:\/\/polygel-acrygel.fr\/\",\"name\":\"WordPress\",\"description\":\"Un site utilisant WordPress\",\"potentialAction\":[{\"@type\":\"SearchAction\",\"target\":{\"@type\":\"EntryPoint\",\"urlTemplate\":\"https:\/\/polygel-acrygel.fr\/?s={search_term_string}\"},\"query-input\":\"required name=search_term_string\"}],\"inLanguage\":\"en-US\"}]}<\/script>\n<!-- \/ Yoast SEO plugin. -->","yoast_head_json":{"title":"Le Polygel: Un voyage \u00e0 travers l'histoire de la beaut\u00e9 des ongles","description":"D\u00e9couvrez l'\u00e9volution captivante du polygel, de ses modestes d\u00e9buts \u00e0 la tendance incontournable en proth\u00e9sie ongulaire.","robots":{"index":"noindex","follow":"follow","max-snippet":"max-snippet:-1","max-image-preview":"max-image-preview:large","max-video-preview":"max-video-preview:-1"},"og_locale":"en_US","og_type":"article","og_title":"Le Polygel: Un voyage \u00e0 travers l'histoire de la beaut\u00e9 des ongles","og_description":"D\u00e9couvrez l'\u00e9volution captivante du polygel, de ses modestes d\u00e9buts \u00e0 la tendance incontournable en proth\u00e9sie ongulaire.","og_url":"https:\/\/polygel-acrygel.fr\/index.php\/histoire-des-polygels\/","og_site_name":"WordPress","article_modified_time":"2024-01-24T08:43:51+00:00","twitter_card":"summary_large_image","twitter_misc":{"Est. reading time":"3 minutes"},"schema":{"@context":"https:\/\/schema.org","@graph":[{"@type":"WebPage","@id":"https:\/\/polygel-acrygel.fr\/index.php\/histoire-des-polygels\/","url":"https:\/\/polygel-acrygel.fr\/index.php\/histoire-des-polygels\/","name":"Le Polygel: Un voyage \u00e0 travers l'histoire de la beaut\u00e9 des ongles","isPartOf":{"@id":"https:\/\/polygel-acrygel.fr\/#website"},"datePublished":"2024-01-16T15:31:15+00:00","dateModified":"2024-01-24T08:43:51+00:00","description":"D\u00e9couvrez l'\u00e9volution captivante du polygel, de ses modestes d\u00e9buts \u00e0 la tendance incontournable en proth\u00e9sie ongulaire.","breadcrumb":{"@id":"https:\/\/polygel-acrygel.fr\/index.php\/histoire-des-polygels\/#breadcrumb"},"inLanguage":"en-US","potentialAction":[{"@type":"ReadAction","target":["https:\/\/polygel-acrygel.fr\/index.php\/histoire-des-polygels\/"]}]},{"@type":"BreadcrumbList","@id":"https:\/\/polygel-acrygel.fr\/index.php\/histoire-des-polygels\/#breadcrumb","itemListElement":[{"@type":"ListItem","position":1,"name":"Accueil","item":"https:\/\/polygel-acrygel.fr\/"},{"@type":"ListItem","position":2,"name":"Histoire des polygels"}]},{"@type":"WebSite","@id":"https:\/\/polygel-acrygel.fr\/#website","url":"https:\/\/polygel-acrygel.fr\/","name":"WordPress","description":"Un site utilisant WordPress","potentialAction":[{"@type":"SearchAction","target":{"@type":"EntryPoint","urlTemplate":"https:\/\/polygel-acrygel.fr\/?s={search_term_string}"},"query-input":"required name=search_term_string"}],"inLanguage":"en-US"}]}},"_links":{"self":[{"href":"https:\/\/polygel-acrygel.fr\/index.php\/wp-json\/wp\/v2\/pages\/19","targetHints":{"allow":["GET"]}}],"collection":[{"href":"https:\/\/polygel-acrygel.fr\/index.php\/wp-json\/wp\/v2\/pages"}],"about":[{"href":"https:\/\/polygel-acrygel.fr\/index.php\/wp-json\/wp\/v2\/types\/page"}],"author":[{"embeddable":true,"href":"https:\/\/polygel-acrygel.fr\/index.php\/wp-json\/wp\/v2\/users\/1"}],"replies":[{"embeddable":true,"href":"https:\/\/polygel-acrygel.fr\/index.php\/wp-json\/wp\/v2\/comments?post=19"}],"version-history":[{"count":10,"href":"https:\/\/polygel-acrygel.fr\/index.php\/wp-json\/wp\/v2\/pages\/19\/revisions"}],"predecessor-version":[{"id":197,"href":"https:\/\/polygel-acrygel.fr\/index.php\/wp-json\/wp\/v2\/pages\/19\/revisions\/197"}],"wp:attachment":[{"href":"https:\/\/polygel-acrygel.fr\/index.php\/wp-json\/wp\/v2\/media?parent=19"}],"curies":[{"name":"wp","href":"https:\/\/api.w.org\/{rel}","templated":true}]}}