{"id":28,"date":"2024-01-16T16:32:34","date_gmt":"2024-01-16T15:32:34","guid":{"rendered":"https:\/\/polygel-acrygel.fr\/?page_id=28"},"modified":"2024-01-24T09:43:21","modified_gmt":"2024-01-24T08:43:21","slug":"blog","status":"publish","type":"page","link":"https:\/\/polygel-acrygel.fr\/index.php\/blog\/","title":{"rendered":"Blog"},"content":{"rendered":"\n[et_pb_section fb_built=&#8221;1&#8243; admin_label=&#8221;Header&#8221; _builder_version=&#8221;4.23.4&#8243; _module_preset=&#8221;default&#8221; use_background_color_gradient=&#8221;on&#8221; background_color_gradient_direction=&#8221;90deg&#8221; background_color_gradient_stops=&#8221;#f7c1d8 90%|#ffffff 90%&#8221; background_color_gradient_start=&#8221;#687d65&#8243; background_color_gradient_start_position=&#8221;90%&#8221; background_color_gradient_end=&#8221;#fffaf4&#8243; background_color_gradient_end_position=&#8221;90%&#8221; global_colors_info=&#8221;{}&#8221; theme_builder_area=&#8221;post_content&#8221;][et_pb_row custom_padding_last_edited=&#8221;on|phone&#8221; _builder_version=&#8221;4.16&#8243; _module_preset=&#8221;default&#8221; custom_padding=&#8221;|60px|||false|false&#8221; custom_padding_tablet=&#8221;|30px|||false|false&#8221; custom_padding_phone=&#8221;|20px|||false|false&#8221; global_colors_info=&#8221;{}&#8221; theme_builder_area=&#8221;post_content&#8221;][et_pb_column type=&#8221;4_4&#8243; _builder_version=&#8221;4.16&#8243; _module_preset=&#8221;default&#8221; global_colors_info=&#8221;{}&#8221; theme_builder_area=&#8221;post_content&#8221;][et_pb_text _builder_version=&#8221;4.23.4&#8243; _module_preset=&#8221;e598b17a-9229-42f6-b238-019d6094332e&#8221; text_font=&#8221;Roboto||||||||&#8221; text_text_color=&#8221;#000000&#8243; header_font=&#8221;Playfair Display||||||||&#8221; header_text_color=&#8221;#FFFFFF&#8221; header_font_size=&#8221;60px&#8221; header_line_height=&#8221;1.1em&#8221; background_enable_color=&#8221;off&#8221; background_enable_image=&#8221;off&#8221; background_size=&#8221;initial&#8221; background_position=&#8221;bottom_left&#8221; custom_margin=&#8221;||10px||false|false&#8221; custom_padding=&#8221;10px||10px||true|false&#8221; hover_enabled=&#8221;0&#8243; header_font_size_tablet=&#8221;50px&#8221; header_font_size_phone=&#8221;30px&#8221; header_font_size_last_edited=&#8221;on|phone&#8221; header_line_height_tablet=&#8221;1.2em&#8221; header_line_height_phone=&#8221;1.2em&#8221; header_line_height_last_edited=&#8221;on|desktop&#8221; locked=&#8221;off&#8221; global_colors_info=&#8221;{}&#8221; theme_builder_area=&#8221;post_content&#8221; sticky_enabled=&#8221;0&#8243;]<h1>Tout ce que vous devez savoir sur les Polygels<\/h1>\n<p>&nbsp;<\/p>\n<p>Les ongles, bien plus qu&#8217;une simple extension de nos mains, sont devenus au fil du temps un v\u00e9ritable outil d&#8217;expression de soi. Et alors que le monde de la manucure ne cesse d&#8217;\u00e9voluer, une innovation a particuli\u00e8rement retenu l&#8217;attention ces derni\u00e8res ann\u00e9es : le polygel. Alliant la robustesse des acryliques \u00e0 la flexibilit\u00e9 des gels UV, cette formule hybride a r\u00e9volutionn\u00e9 les soins des ongles. Ces gels hybrides ont gagn\u00e9 en popularit\u00e9 gr\u00e2ce \u00e0 leur polyvalence, leur durabilit\u00e9 et leur facilit\u00e9 d&#8217;utilisation.<\/p>[\/et_pb_text][\/et_pb_column][\/et_pb_row][\/et_pb_section][et_pb_section fb_built=&#8221;1&#8243; admin_label=&#8221;Service&#8221; _builder_version=&#8221;4.23.4&#8243; _module_preset=&#8221;default&#8221; background_enable_color=&#8221;off&#8221; background_color_gradient_direction=&#8221;90deg&#8221; custom_padding=&#8221;0px||0px||true|false&#8221; global_colors_info=&#8221;{%22gcid-ed193687-3f00-4bd5-b386-9505427d45bc%22:%91%22colorEnd%22%93}&#8221; theme_builder_area=&#8221;post_content&#8221;][et_pb_row _builder_version=&#8221;4.23.4&#8243; _module_preset=&#8221;default&#8221; theme_builder_area=&#8221;post_content&#8221;][et_pb_column _builder_version=&#8221;4.23.4&#8243; _module_preset=&#8221;default&#8221; type=&#8221;4_4&#8243; theme_builder_area=&#8221;post_content&#8221;][et_pb_text _builder_version=&#8221;4.23.4&#8243; _module_preset=&#8221;default&#8221; theme_builder_area=&#8221;post_content&#8221; hover_enabled=&#8221;0&#8243; sticky_enabled=&#8221;0&#8243;]<h2>Qu&#8217;est-ce que le polygel ?<\/h2>\n<p>Le polygel est n\u00e9 de la volont\u00e9 de combiner les meilleures caract\u00e9ristiques des gels traditionnels et des acryliques. C&#8217;est une fusion entre les gels UV durcissables et les acryliques. Cette substance semi-liquide, une fois durcie sous une lampe UV\/LED, donne une finition lisse, naturelle et durable. Facile \u00e0 appliquer, il ne coule pas et offre une finition plus naturelle que d&#8217;autres alternatives.<\/p>[\/et_pb_text][et_pb_text _builder_version=&#8221;4.23.4&#8243; _module_preset=&#8221;default&#8221; theme_builder_area=&#8221;post_content&#8221; header_2_text_align=&#8221;center&#8221; hover_enabled=&#8221;0&#8243; sticky_enabled=&#8221;0&#8243;]<h2><span data-token-index=\"0\" class=\"notion-enable-hover\">Avantages cl\u00e9s<\/span><!-- notionvc: 42b0eec9-efb9-49b2-9cfc-7cf7e86e5147 --><\/h2>[\/et_pb_text][\/et_pb_column][\/et_pb_row][et_pb_row _builder_version=&#8221;4.23.4&#8243; _module_preset=&#8221;default&#8221; column_structure=&#8221;1_3,1_3,1_3&#8243; theme_builder_area=&#8221;post_content&#8221;][et_pb_column _builder_version=&#8221;4.23.4&#8243; _module_preset=&#8221;default&#8221; type=&#8221;1_3&#8243; theme_builder_area=&#8221;post_content&#8221;][et_pb_blurb title=&#8221;R\u00e9sistance&#8221; _builder_version=&#8221;4.23.4&#8243; _module_preset=&#8221;default&#8221; theme_builder_area=&#8221;post_content&#8221; header_text_align=&#8221;center&#8221; use_icon=&#8221;on&#8221; font_icon=&#8221;&#xf3ed;||fa||900&#8243; icon_color=&#8221;#F7C1D8&#8243; hover_enabled=&#8221;0&#8243; sticky_enabled=&#8221;0&#8243;]<p>Le polygel est connu pour sa robustesse, ce qui le rend id\u00e9al pour ceux qui souhaitent une manucure durable.<\/p>[\/et_pb_blurb][\/et_pb_column][et_pb_column _builder_version=&#8221;4.23.4&#8243; _module_preset=&#8221;default&#8221; type=&#8221;1_3&#8243; theme_builder_area=&#8221;post_content&#8221;][et_pb_blurb title=&#8221;Flexibilit\u00e9&#8221; _builder_version=&#8221;4.23.4&#8243; _module_preset=&#8221;default&#8221; theme_builder_area=&#8221;post_content&#8221; use_icon=&#8221;on&#8221; font_icon=&#8221;&#xf074;||fa||900&#8243; icon_color=&#8221;#F7C1D8&#8243; header_text_align=&#8221;center&#8221; hover_enabled=&#8221;0&#8243; sticky_enabled=&#8221;0&#8243;]<p>Malgr\u00e9 sa solidit\u00e9, il est \u00e9tonnamment flexible, \u00e9vitant ainsi les cassures et les \u00e9caillures communes avec d&#8217;autres formules.<\/p>[\/et_pb_blurb][\/et_pb_column][et_pb_column _builder_version=&#8221;4.23.4&#8243; _module_preset=&#8221;default&#8221; type=&#8221;1_3&#8243; theme_builder_area=&#8221;post_content&#8221;][et_pb_blurb title=&#8221;Pas d&#8217;odeur&#8221; _builder_version=&#8221;4.23.4&#8243; _module_preset=&#8221;default&#8221; theme_builder_area=&#8221;post_content&#8221; use_icon=&#8221;on&#8221; font_icon=&#8221;&#xe05d;||fa||900&#8243; icon_color=&#8221;#F7C1D8&#8243; hover_enabled=&#8221;0&#8243; sticky_enabled=&#8221;0&#8243;]<p>Contrairement aux acryliques, le polygel est presque inodore, ce qui le rend agr\u00e9able pour les professionnels et les amateurs.<\/p>[\/et_pb_blurb][\/et_pb_column][\/et_pb_row][et_pb_row _builder_version=&#8221;4.23.4&#8243; _module_preset=&#8221;default&#8221; theme_builder_area=&#8221;post_content&#8221;][et_pb_column _builder_version=&#8221;4.23.4&#8243; _module_preset=&#8221;default&#8221; type=&#8221;4_4&#8243; theme_builder_area=&#8221;post_content&#8221;][et_pb_text _builder_version=&#8221;4.23.4&#8243; _module_preset=&#8221;default&#8221; theme_builder_area=&#8221;post_content&#8221; hover_enabled=&#8221;0&#8243; sticky_enabled=&#8221;0&#8243;]<h2>Pourquoi opter pour le polygel ?<\/h2>\n<p>Outre sa r\u00e9sistance et sa flexibilit\u00e9, le polygel offre d&#8217;autres avantages qui le distinguent.<\/p>\n<p>Polyvalence : Contrairement aux gels traditionnels, le polygel peut \u00eatre utilis\u00e9 pour diff\u00e9rentes applications, telles que la prolongation des ongles, le renforcement ou m\u00eame la sculpture.<\/p>\n<p>Adapt\u00e9 aux d\u00e9butants : Gr\u00e2ce \u00e0 sa consistance qui ne coule pas, m\u00eame les novices peuvent s&#8217;essayer \u00e0 la manucure en polygel.<\/p>\n<p>Protection de l&#8217;ongle naturel : Contrairement \u00e0 certaines m\u00e9thodes, bien appliqu\u00e9, le polygel n&#8217;endommage pas l&#8217;ongle en dessous.<br \/>Sans odeur : \u00c0 la diff\u00e9rence des acryliques, le polygel est pratiquement sans odeur, ce qui le rend plus agr\u00e9able \u00e0 utiliser.<\/p>[\/et_pb_text][\/et_pb_column][\/et_pb_row][et_pb_row _builder_version=&#8221;4.23.4&#8243; _module_preset=&#8221;default&#8221; theme_builder_area=&#8221;post_content&#8221;][et_pb_column _builder_version=&#8221;4.23.4&#8243; _module_preset=&#8221;default&#8221; type=&#8221;4_4&#8243; theme_builder_area=&#8221;post_content&#8221;][et_pb_text _builder_version=&#8221;4.23.4&#8243; _module_preset=&#8221;default&#8221; theme_builder_area=&#8221;post_content&#8221; hover_enabled=&#8221;0&#8243; sticky_enabled=&#8221;0&#8243;]<h2>Comment appliquer le polygel ?<\/h2>\n<p>Appliquer le polygel n\u00e9cessite un processus sp\u00e9cifique, mais une fois ma\u00eetris\u00e9, il est simple et efficace.<\/p>[\/et_pb_text][et_pb_button button_text=&#8221;Techniques d\u2019application &#8221; _builder_version=&#8221;4.23.4&#8243; _module_preset=&#8221;default&#8221; theme_builder_area=&#8221;post_content&#8221; button_url=&#8221;@ET-DC@eyJkeW5hbWljIjp0cnVlLCJjb250ZW50IjoicG9zdF9saW5rX3VybF9wYWdlIiwic2V0dGluZ3MiOnsicG9zdF9pZCI6IjI2In19@&#8221; _dynamic_attributes=&#8221;button_url&#8221; button_alignment=&#8221;center&#8221; custom_button=&#8221;on&#8221; button_text_color=&#8221;#FFFFFF&#8221; button_bg_color=&#8221;#F7C1D8&#8243; button_bg_enable_color=&#8221;on&#8221; button_border_width=&#8221;0px&#8221; button_font=&#8221;Playfair Display||||||||&#8221; hover_enabled=&#8221;0&#8243; sticky_enabled=&#8221;0&#8243;][\/et_pb_button][\/et_pb_column][\/et_pb_row][et_pb_row _builder_version=&#8221;4.23.4&#8243; _module_preset=&#8221;default&#8221; theme_builder_area=&#8221;post_content&#8221;][et_pb_column _builder_version=&#8221;4.23.4&#8243; _module_preset=&#8221;default&#8221; type=&#8221;4_4&#8243; theme_builder_area=&#8221;post_content&#8221;][et_pb_text _builder_version=&#8221;4.23.4&#8243; _module_preset=&#8221;default&#8221; theme_builder_area=&#8221;post_content&#8221; hover_enabled=&#8221;0&#8243; sticky_enabled=&#8221;0&#8243;]<h2>O\u00f9 acheter des polygels ?<\/h2>\n<p>Les polygels sont disponibles dans la plupart des magasins sp\u00e9cialis\u00e9s en soins des ongles et aussi en ligne. Assurez-vous d&#8217;opter pour des marques r\u00e9put\u00e9es pour garantir la qualit\u00e9 du produit. Retrouvez notre s\u00e9lection de produits phares.<\/p>[\/et_pb_text][et_pb_button button_text=&#8221;Produits phares&#8221; _builder_version=&#8221;4.23.4&#8243; _module_preset=&#8221;default&#8221; theme_builder_area=&#8221;post_content&#8221; button_url=&#8221;@ET-DC@eyJkeW5hbWljIjp0cnVlLCJjb250ZW50IjoicG9zdF9saW5rX3VybF9wYWdlIiwic2V0dGluZ3MiOnsicG9zdF9pZCI6IjI3In19@&#8221; _dynamic_attributes=&#8221;button_url&#8221; button_alignment=&#8221;center&#8221; custom_button=&#8221;on&#8221; button_text_color=&#8221;#FFFFFF&#8221; button_bg_color=&#8221;#F7C1D8&#8243; button_bg_enable_color=&#8221;on&#8221; button_border_width=&#8221;0px&#8221; button_font=&#8221;Playfair Display||||||||&#8221; hover_enabled=&#8221;0&#8243; sticky_enabled=&#8221;0&#8243;][\/et_pb_button][\/et_pb_column][\/et_pb_row][et_pb_row _builder_version=&#8221;4.23.4&#8243; _module_preset=&#8221;default&#8221; theme_builder_area=&#8221;post_content&#8221;][et_pb_column _builder_version=&#8221;4.23.4&#8243; _module_preset=&#8221;default&#8221; type=&#8221;4_4&#8243; theme_builder_area=&#8221;post_content&#8221;][et_pb_text _builder_version=&#8221;4.23.4&#8243; _module_preset=&#8221;default&#8221; theme_builder_area=&#8221;post_content&#8221; hover_enabled=&#8221;0&#8243; sticky_enabled=&#8221;0&#8243;]<p>De nombreuses marques proposent \u00e9galement des kits polygel, comprenant tout le n\u00e9cessaire pour se lancer. Lors de l&#8217;achat, pr\u00eatez attention aux<span data-token-index=\"1\" class=\"notion-enable-hover\"> avis clients, i<\/span>ls sont souvent un bon indicateur de la qualit\u00e9 du produit. Choisissez avec attention l<span data-token-index=\"3\" class=\"notion-enable-hover\">a gamme de couleurs, c<\/span>ertains kits offrent une vari\u00e9t\u00e9 de teintes, d&#8217;autres sont plus limit\u00e9s. Et enfin, renseignez-vous sur l<span data-token-index=\"5\" class=\"notion-enable-hover\">es composants du kit, c<\/span>ertains incluent une lampe UV\/LED par exemple, d&#8217;autres non. Adaptez votre achat \u00e0 vos besoins.<!-- notionvc: 287240d6-ff9b-4ff5-a4e8-1dd09420903f --><\/p>[\/et_pb_text][\/et_pb_column][\/et_pb_row][et_pb_row _builder_version=&#8221;4.23.4&#8243; _module_preset=&#8221;default&#8221; column_structure=&#8221;1_3,1_3,1_3&#8243; theme_builder_area=&#8221;post_content&#8221; hover_enabled=&#8221;0&#8243; sticky_enabled=&#8221;0&#8243;][et_pb_column _builder_version=&#8221;4.23.4&#8243; _module_preset=&#8221;default&#8221; type=&#8221;1_3&#8243; theme_builder_area=&#8221;post_content&#8221;][et_pb_cta title=&#8221;Polygel Kit Complet couleurs neutres&#8221; button_text=&#8221;D\u00e9couvrir&#8221; _builder_version=&#8221;4.23.4&#8243; _module_preset=&#8221;default&#8221; theme_builder_area=&#8221;post_content&#8221; background_enable_color=&#8221;off&#8221; header_text_color=&#8221;#C299A0&#8243; hover_enabled=&#8221;0&#8243; sticky_enabled=&#8221;0&#8243; button_url=&#8221;https:\/\/www.amazon.fr\/UR-SUGAR-Couleurs-Construction-Manicure\/dp\/B0C2BVN5LW\/ref=sr_1_1_sspa?keywords=polygel&#038;qid=1692954828&#038;sr=8-1-spons&#038;sp_csd=d2lkZ2V0TmFtZT1zcF9hdGY&#038;th=1&#8243; custom_button=&#8221;on&#8221; button_text_color=&#8221;#FFFFFF&#8221; button_bg_color=&#8221;#C299A0&#8243; button_bg_enable_color=&#8221;on&#8221; button_border_width=&#8221;0px&#8221; button_text_size=&#8221;15px&#8221;][\/et_pb_cta][\/et_pb_column][et_pb_column _builder_version=&#8221;4.23.4&#8243; _module_preset=&#8221;default&#8221; type=&#8221;1_3&#8243; theme_builder_area=&#8221;post_content&#8221;][et_pb_cta title=&#8221;Kit complet couleurs pastelles&#8221; button_text=&#8221;D\u00e9couvrir&#8221; _builder_version=&#8221;4.23.4&#8243; _module_preset=&#8221;default&#8221; theme_builder_area=&#8221;post_content&#8221; background_enable_color=&#8221;off&#8221; header_text_color=&#8221;#C299A0&#8243; hover_enabled=&#8221;0&#8243; sticky_enabled=&#8221;0&#8243; button_url=&#8221;https:\/\/www.amazon.fr\/Complet-15ML-Phoenixy-Transparent-Permanent-Extension\/dp\/B0C6T686CD\/ref=sr_1_35_sspa?keywords=polygel&#038;qid=1692954892&#038;sr=8-35-spons&#038;sp_csd=d2lkZ2V0TmFtZT1zcF9tdGY&#038;th=1&#8243; custom_button=&#8221;on&#8221; button_text_color=&#8221;#FFFFFF&#8221; button_bg_color=&#8221;#C299A0&#8243; button_bg_enable_color=&#8221;on&#8221; button_border_width=&#8221;0px&#8221; button_text_size=&#8221;15px&#8221;][\/et_pb_cta][\/et_pb_column][et_pb_column _builder_version=&#8221;4.23.4&#8243; _module_preset=&#8221;default&#8221; type=&#8221;1_3&#8243; theme_builder_area=&#8221;post_content&#8221;][et_pb_cta title=&#8221;Kit de 6 tubes polygel pour d\u00e9butants&#8221; button_text=&#8221;D\u00e9couvrir&#8221; _builder_version=&#8221;4.23.4&#8243; _module_preset=&#8221;default&#8221; theme_builder_area=&#8221;post_content&#8221; background_enable_color=&#8221;off&#8221; header_text_color=&#8221;#C299A0&#8243; hover_enabled=&#8221;0&#8243; sticky_enabled=&#8221;0&#8243; button_url=&#8221;https:\/\/www.amazon.fr\/UR-SUGAR-Extension-Construction-Bricolage\/dp\/B09PFPQXC8\/ref=sr_1_21?keywords=polygel&#038;qid=1692954892&#038;sr=8-21&#038;th=1&#8243; custom_button=&#8221;on&#8221; button_text_color=&#8221;#FFFFFF&#8221; button_bg_color=&#8221;#C299A0&#8243; button_bg_enable_color=&#8221;on&#8221; button_border_width=&#8221;0px&#8221; button_text_size=&#8221;15px&#8221;][\/et_pb_cta][\/et_pb_column][\/et_pb_row][et_pb_row _builder_version=&#8221;4.23.4&#8243; _module_preset=&#8221;default&#8221; theme_builder_area=&#8221;post_content&#8221;][et_pb_column _builder_version=&#8221;4.23.4&#8243; _module_preset=&#8221;default&#8221; type=&#8221;4_4&#8243; theme_builder_area=&#8221;post_content&#8221;][et_pb_text _builder_version=&#8221;4.23.4&#8243; _module_preset=&#8221;default&#8221; theme_builder_area=&#8221;post_content&#8221; hover_enabled=&#8221;0&#8243; sticky_enabled=&#8221;0&#8243;]<h2>L&#8217;impact technologique dans l&#8217;application des polygels<\/h2>\n<p>La technologie a grandement facilit\u00e9 l&#8217;application du polygel. Des lampes UV\/LED plus efficaces aux outils de mod\u00e9lisation perfectionn\u00e9s, chaque \u00e9tape du processus a \u00e9t\u00e9 optimis\u00e9e.<\/p>\n<p>Le polygel est v\u00e9ritablement une r\u00e9volution dans le monde des soins des ongles. Que vous soyez un professionnel cherchant \u00e0 \u00e9largir votre gamme de services ou un amateur souhaitant explorer de nouvelles techniques, le polygel offre une solution durable, flexible et magnifique.<\/p>\n<p>Avec une application appropri\u00e9e et des outils adapt\u00e9s, vous pouvez obtenir des ongles magnifiques, durables et naturels. Essayez-le vous-m\u00eame et d\u00e9couvrez les merveilles du polygel.<\/p>[\/et_pb_text][\/et_pb_column][\/et_pb_row][\/et_pb_section]\n","protected":false},"excerpt":{"rendered":"<p>Tout ce que vous devez savoir sur les Polygels &nbsp; Les ongles, bien plus qu&#8217;une simple extension de nos mains, sont devenus au fil du temps un v\u00e9ritable outil d&#8217;expression de soi. Et alors que le monde de la manucure ne cesse d&#8217;\u00e9voluer, une innovation a particuli\u00e8rement retenu l&#8217;attention ces derni\u00e8res ann\u00e9es : le polygel. [&hellip;]<\/p>\n","protected":false},"author":1,"featured_media":0,"parent":0,"menu_order":0,"comment_status":"closed","ping_status":"closed","template":"","meta":{"_et_pb_use_builder":"on","_et_pb_old_content":"","_et_gb_content_width":"","footnotes":""},"class_list":["post-28","page","type-page","status-publish","hentry"],"yoast_head":"<!-- This site is optimized with the Yoast SEO plugin v22.0 - https:\/\/yoast.com\/wordpress\/plugins\/seo\/ -->\n<title>Tout connaitre sur le polygel: techniques en proth\u00e9sie ongulaire<\/title>\n<meta name=\"description\" content=\"Explorez le monde du polygel avec notre guide. Devenez une experte en proth\u00e9sie ongulaire gr\u00e2ce \u00e0 des conseils et des astuces exclusives.\" \/>\n<meta name=\"robots\" content=\"noindex, follow, max-snippet:-1, max-image-preview:large, max-video-preview:-1\" \/>\n<meta property=\"og:locale\" content=\"en_US\" \/>\n<meta property=\"og:type\" content=\"article\" \/>\n<meta property=\"og:title\" content=\"Tout connaitre sur le polygel: techniques en proth\u00e9sie ongulaire\" \/>\n<meta property=\"og:description\" content=\"Explorez le monde du polygel avec notre guide. Devenez une experte en proth\u00e9sie ongulaire gr\u00e2ce \u00e0 des conseils et des astuces exclusives.\" \/>\n<meta property=\"og:url\" content=\"https:\/\/polygel-acrygel.fr\/index.php\/blog\/\" \/>\n<meta property=\"og:site_name\" content=\"WordPress\" \/>\n<meta property=\"article:modified_time\" content=\"2024-01-24T08:43:21+00:00\" \/>\n<meta name=\"twitter:card\" content=\"summary_large_image\" \/>\n<meta name=\"twitter:label1\" content=\"Est. reading time\" \/>\n\t<meta name=\"twitter:data1\" content=\"3 minutes\" \/>\n<script type=\"application\/ld+json\" class=\"yoast-schema-graph\">{\"@context\":\"https:\/\/schema.org\",\"@graph\":[{\"@type\":\"WebPage\",\"@id\":\"https:\/\/polygel-acrygel.fr\/index.php\/blog\/\",\"url\":\"https:\/\/polygel-acrygel.fr\/index.php\/blog\/\",\"name\":\"Tout connaitre sur le polygel: techniques en proth\u00e9sie ongulaire\",\"isPartOf\":{\"@id\":\"https:\/\/polygel-acrygel.fr\/#website\"},\"datePublished\":\"2024-01-16T15:32:34+00:00\",\"dateModified\":\"2024-01-24T08:43:21+00:00\",\"description\":\"Explorez le monde du polygel avec notre guide. Devenez une experte en proth\u00e9sie ongulaire gr\u00e2ce \u00e0 des conseils et des astuces exclusives.\",\"breadcrumb\":{\"@id\":\"https:\/\/polygel-acrygel.fr\/index.php\/blog\/#breadcrumb\"},\"inLanguage\":\"en-US\",\"potentialAction\":[{\"@type\":\"ReadAction\",\"target\":[\"https:\/\/polygel-acrygel.fr\/index.php\/blog\/\"]}]},{\"@type\":\"BreadcrumbList\",\"@id\":\"https:\/\/polygel-acrygel.fr\/index.php\/blog\/#breadcrumb\",\"itemListElement\":[{\"@type\":\"ListItem\",\"position\":1,\"name\":\"Accueil\",\"item\":\"https:\/\/polygel-acrygel.fr\/\"},{\"@type\":\"ListItem\",\"position\":2,\"name\":\"Blog\"}]},{\"@type\":\"WebSite\",\"@id\":\"https:\/\/polygel-acrygel.fr\/#website\",\"url\":\"https:\/\/polygel-acrygel.fr\/\",\"name\":\"WordPress\",\"description\":\"Un site utilisant WordPress\",\"potentialAction\":[{\"@type\":\"SearchAction\",\"target\":{\"@type\":\"EntryPoint\",\"urlTemplate\":\"https:\/\/polygel-acrygel.fr\/?s={search_term_string}\"},\"query-input\":\"required name=search_term_string\"}],\"inLanguage\":\"en-US\"}]}<\/script>\n<!-- \/ Yoast SEO plugin. -->","yoast_head_json":{"title":"Tout connaitre sur le polygel: techniques en proth\u00e9sie ongulaire","description":"Explorez le monde du polygel avec notre guide. Devenez une experte en proth\u00e9sie ongulaire gr\u00e2ce \u00e0 des conseils et des astuces exclusives.","robots":{"index":"noindex","follow":"follow","max-snippet":"max-snippet:-1","max-image-preview":"max-image-preview:large","max-video-preview":"max-video-preview:-1"},"og_locale":"en_US","og_type":"article","og_title":"Tout connaitre sur le polygel: techniques en proth\u00e9sie ongulaire","og_description":"Explorez le monde du polygel avec notre guide. Devenez une experte en proth\u00e9sie ongulaire gr\u00e2ce \u00e0 des conseils et des astuces exclusives.","og_url":"https:\/\/polygel-acrygel.fr\/index.php\/blog\/","og_site_name":"WordPress","article_modified_time":"2024-01-24T08:43:21+00:00","twitter_card":"summary_large_image","twitter_misc":{"Est. reading time":"3 minutes"},"schema":{"@context":"https:\/\/schema.org","@graph":[{"@type":"WebPage","@id":"https:\/\/polygel-acrygel.fr\/index.php\/blog\/","url":"https:\/\/polygel-acrygel.fr\/index.php\/blog\/","name":"Tout connaitre sur le polygel: techniques en proth\u00e9sie ongulaire","isPartOf":{"@id":"https:\/\/polygel-acrygel.fr\/#website"},"datePublished":"2024-01-16T15:32:34+00:00","dateModified":"2024-01-24T08:43:21+00:00","description":"Explorez le monde du polygel avec notre guide. Devenez une experte en proth\u00e9sie ongulaire gr\u00e2ce \u00e0 des conseils et des astuces exclusives.","breadcrumb":{"@id":"https:\/\/polygel-acrygel.fr\/index.php\/blog\/#breadcrumb"},"inLanguage":"en-US","potentialAction":[{"@type":"ReadAction","target":["https:\/\/polygel-acrygel.fr\/index.php\/blog\/"]}]},{"@type":"BreadcrumbList","@id":"https:\/\/polygel-acrygel.fr\/index.php\/blog\/#breadcrumb","itemListElement":[{"@type":"ListItem","position":1,"name":"Accueil","item":"https:\/\/polygel-acrygel.fr\/"},{"@type":"ListItem","position":2,"name":"Blog"}]},{"@type":"WebSite","@id":"https:\/\/polygel-acrygel.fr\/#website","url":"https:\/\/polygel-acrygel.fr\/","name":"WordPress","description":"Un site utilisant WordPress","potentialAction":[{"@type":"SearchAction","target":{"@type":"EntryPoint","urlTemplate":"https:\/\/polygel-acrygel.fr\/?s={search_term_string}"},"query-input":"required name=search_term_string"}],"inLanguage":"en-US"}]}},"_links":{"self":[{"href":"https:\/\/polygel-acrygel.fr\/index.php\/wp-json\/wp\/v2\/pages\/28","targetHints":{"allow":["GET"]}}],"collection":[{"href":"https:\/\/polygel-acrygel.fr\/index.php\/wp-json\/wp\/v2\/pages"}],"about":[{"href":"https:\/\/polygel-acrygel.fr\/index.php\/wp-json\/wp\/v2\/types\/page"}],"author":[{"embeddable":true,"href":"https:\/\/polygel-acrygel.fr\/index.php\/wp-json\/wp\/v2\/users\/1"}],"replies":[{"embeddable":true,"href":"https:\/\/polygel-acrygel.fr\/index.php\/wp-json\/wp\/v2\/comments?post=28"}],"version-history":[{"count":9,"href":"https:\/\/polygel-acrygel.fr\/index.php\/wp-json\/wp\/v2\/pages\/28\/revisions"}],"predecessor-version":[{"id":195,"href":"https:\/\/polygel-acrygel.fr\/index.php\/wp-json\/wp\/v2\/pages\/28\/revisions\/195"}],"wp:attachment":[{"href":"https:\/\/polygel-acrygel.fr\/index.php\/wp-json\/wp\/v2\/media?parent=28"}],"curies":[{"name":"wp","href":"https:\/\/api.w.org\/{rel}","templated":true}]}}